{"id":1325,"date":"2026-02-05T14:51:58","date_gmt":"2026-02-05T14:51:58","guid":{"rendered":"https:\/\/billionairespins.com\/login-and-registration\/"},"modified":"2026-02-06T08:17:19","modified_gmt":"2026-02-06T08:17:19","slug":"logowanie-i-rejestracja","status":"publish","type":"page","link":"https:\/\/billionairespins.com\/pl\/logowanie-i-rejestracja\/","title":{"rendered":"Logowanie i rejestracja"},"content":{"rendered":"<h1>Logowanie i rejestracja w kasynie Billionairespin<\/h1>\n<p>Billionairespin login pozwala szybko i bezpiecznie wej\u015b\u0107 na konto w naszym kasynie. Po zalogowaniu mo\u017cesz gra\u0107 na automatach i w inne gry. Mo\u017cesz te\u017c odbiera\u0107 bonusy i zarz\u0105dza\u0107 swoim profilem w jednym miejscu. Kroki logowania s\u0105 proste, wi\u0119c mo\u017cesz zacz\u0105\u0107 gra\u0107 w kilka klikni\u0119\u0107.<\/p>\n<p>Na przyk\u0142ad, je\u015bli zapomnisz, na czym sko\u0144czy\u0142e\u015b, mo\u017cesz zalogowa\u0107 si\u0119 ponownie i kontynuowa\u0107 t\u0119 sam\u0105 gr\u0119 na automacie. Albo je\u015bli chcesz skorzysta\u0107 z bonusu, mo\u017cesz otworzy\u0107 konto i aktywowa\u0107 go przed rozpocz\u0119ciem gry.<\/p>\n<p><div class=\"banner-wrap\" aria-label=\"Banner\"><img src=\"https:\/\/billionairespins.com\/wp-content\/uploads\/2026\/02\/Billionairespin-banner-desktop.webp\" class=\"w-100 d-none d-lg-block img-pc main-banner-img\" alt=\"Billionairespin banner desktop\" fetchpriority=\"high\" decoding=\"async\"><img src=\"https:\/\/billionairespins.com\/wp-content\/uploads\/2026\/02\/Billionariespin-mobile-banner.webp\" class=\"w-100 d-none d-md-block d-lg-none main-banner-img\" alt=\"Billionariespin mobile banner\" fetchpriority=\"high\" decoding=\"async\"><img src=\"https:\/\/billionairespins.com\/wp-content\/uploads\/2026\/02\/Billionariespin-mobile-banner.webp\" class=\"w-100 d-md-none\" alt=\"Billionariespin mobile banner\" fetchpriority=\"high\" decoding=\"async\"><div class=\"banner-description\">\n<div class=\"banner-title\">Bonusy powitalne<\/div>\n<p class=\"banner-header-title\">1.500 \u20ac<\/p>\n<div class=\"banner-header-AdditionalText\">+ 250 Darmowe spiny<\/div>\n<button data-item=\"homepage_banner_link\" class=\"goto m-button m-gradient-border m-button--primary m-button--large banner-button btn-orange\">\n            <div class=\"m-button-content\">\n                <span>Zarejestruj si\u0119 teraz<\/span>\n                <span><\/span>\n            <\/div>\n        <\/button>\n<\/div>\n<div class=\"WelcomePack\">\n<p><img loading=\"lazy\" decoding=\"async\" class=\"alignnone size-full wp-image-1228\" src=\"https:\/\/billionairespins.com\/wp-content\/uploads\/2026\/02\/welcome-crown.png\" alt=\"welcome crown\" width=\"25\" height=\"26\" \/><\/p>\n<div class=\"WelcomePack-Info\">Cotygodniowy zwrot got\u00f3wki do 25%<\/div>\n<p><img loading=\"lazy\" decoding=\"async\" class=\"alignnone size-full wp-image-1228\" src=\"https:\/\/billionairespins.com\/wp-content\/uploads\/2026\/02\/welcome-crown.png\" alt=\"welcome crown\" width=\"25\" height=\"26\" \/><\/p>\n<\/div>\n<\/div><div class=\"scrollable-content-wrap my-5\"><div class=\"scrollable-content-inner\"><h2>Rejestracja w Billionairespin<\/h2>\n<p>Billionairespin registration tworzy Twoje osobiste konto. Dzi\u0119ki kontu mo\u017cesz zalogowa\u0107 si\u0119 w dowolnym momencie i gra\u0107 na prawdziwe pieni\u0105dze. Mo\u017cesz te\u017c odbiera\u0107 bonusy i zarz\u0105dza\u0107 swoimi danymi w bezpiecznej strefie.<\/p>\n<p>Twoje konto daje Ci r\u00f3wnie\u017c dost\u0119p do dodatkowych korzy\u015bci. Po rejestracji mo\u017cesz otrzyma\u0107 bonus powitalny. Mo\u017cesz te\u017c bra\u0107 udzia\u0142 w promocjach w ci\u0105gu tygodnia. Niekt\u00f3rzy gracze dostaj\u0105 oferty zwrotu got\u00f3wki, co oznacza, \u017ce mo\u017cesz otrzyma\u0107 z powrotem cz\u0119\u015b\u0107 swoich strat, w zale\u017cno\u015bci od zasad promocji.<\/p>\n<p>W swoim koncie mo\u017cesz:<\/p>\n<ul>\n<li>sprawdzi\u0107 saldo przed wp\u0142at\u0105 lub wyp\u0142at\u0105<\/li>\n<li>zobaczy\u0107 histori\u0119 transakcji, na przyk\u0142ad wp\u0142aty i wyp\u0142aty<\/li>\n<li>sprawdzi\u0107 aktywne bonusy i ich warunki, takie jak wymogi obrotu<\/li>\n<li>ustawi\u0107 limity odpowiedzialnej gry, na przyk\u0142ad dzienny limit wp\u0142at<\/li>\n<\/ul>\n<p>Na przyk\u0142ad, je\u015bli chcesz kontrolowa\u0107 wydatki, mo\u017cesz ustawi\u0107 tygodniowy limit wp\u0142at. Je\u015bli kiedykolwiek b\u0119dziesz musia\u0142 potwierdzi\u0107 p\u0142atno\u015b\u0107, mo\u017cesz otworzy\u0107 histori\u0119 transakcji i zobaczy\u0107 dok\u0142adn\u0105 dat\u0119 oraz kwot\u0119.<\/p>\n<h3>Utw\u00f3rz konto<\/h3>\n<ol>\n<li>Kliknij \u201eZarejestruj si\u0119\u201d na naszej stronie.<\/li>\n<li>Wpisz swoje dane osobowe.<\/li>\n<li>Podaj adres poczty elektronicznej i utw\u00f3rz has\u0142o.<\/li>\n<li>Potwierd\u017a adres poczty elektronicznej, u\u017cywaj\u0105c odno\u015bnika w wiadomo\u015bci, kt\u00f3r\u0105 Ci wysy\u0142amy.<\/li>\n<li>Zaloguj si\u0119. Nast\u0119pnie wybierz sw\u00f3j bonus.<\/li>\n<li>Dokonaj pierwszej wp\u0142aty.<\/li>\n<\/ol>\n<p>Po wykonaniu tych krok\u00f3w rejestracja jest zako\u0144czona.<\/p>\n<h2>Billionairespin login i zarz\u0105dzanie kontem<\/h2>\n<p>Billionairespin login pozwala otworzy\u0107 Twoje osobiste konto w kilka sekund. Po zalogowaniu mo\u017cesz sprawdzi\u0107 saldo i przejrze\u0107 swoje p\u0142atno\u015bci. W tym samym miejscu mo\u017cesz te\u017c ustawia\u0107 limity i zmienia\u0107 ustawienia konta.<\/p>\n<h3>Jak zalogowa\u0107 si\u0119 na konto Billionairespin<\/h3>\n<p>Aby wej\u015b\u0107 do swojego profilu, wykonaj te kroki:<\/p>\n<ul>\n<li>Kliknij \u201eZaloguj si\u0119\u201d u g\u00f3ry strony.<\/li>\n<li>Wpisz adres poczty elektronicznej i has\u0142o, kt\u00f3re wybra\u0142e\u015b podczas rejestracji.<\/li>\n<li>Kliknij \u201eZaloguj si\u0119\u201d, aby wej\u015b\u0107 do kasyna Billionairespin.<\/li>\n<\/ul>\n<h3>Co mo\u017cesz zrobi\u0107 na swoim koncie<\/h3>\n<p>Po zako\u0144czeniu Billionairespin login trafiasz od razu do swojego osobistego panelu. Od razu widzisz swoje saldo. Mo\u017cesz te\u017c jednym klikni\u0119ciem otworzy\u0107 sekcj\u0119 wp\u0142aty lub wyp\u0142aty. Na przyk\u0142ad, je\u015bli chcesz do\u0142\u0105czy\u0107 do turnieju na automatach w kasynie Billionairespin, mo\u017cesz doda\u0107 \u015brodki i zacz\u0105\u0107 gra\u0107 bez opuszczania strony konta.<\/p>\n<p>W tym samym miejscu mo\u017cesz sprawdzi\u0107 histori\u0119 transakcji. Pokazuje ona Twoje wp\u0142aty i wyp\u0142aty. Pokazuje te\u017c, jak korzysta\u0142e\u015b z bonus\u00f3w. Na przyk\u0142ad, je\u015bli Twoje saldo wygl\u0105da na ni\u017csze, ni\u017c si\u0119 spodziewasz, mo\u017cesz otworzy\u0107 histori\u0119 i sprawdzi\u0107 ka\u017cd\u0105 p\u0142atno\u015b\u0107 krok po kroku.<\/p>\n<p>Tutaj mo\u017cesz r\u00f3wnie\u017c zarz\u0105dza\u0107 ustawieniami profilu. Mo\u017cesz zaktualizowa\u0107 swoje dane osobowe albo zmieni\u0107 has\u0142o. Mo\u017cesz te\u017c wybra\u0107, jakie wiadomo\u015bci na poczt\u0119 elektroniczn\u0105 chcesz otrzymywa\u0107. Na przyk\u0142ad mo\u017cesz zostawi\u0107 wiadomo\u015bci o promocjach, aby nie przegapi\u0107 nowych ofert bonusowych. Jednocze\u015bnie mo\u017cesz wy\u0142\u0105czy\u0107 inne powiadomienia, kt\u00f3rych nie potrzebujesz.<\/p>\n<p>Na Twoim koncie s\u0105 te\u017c narz\u0119dzia odpowiedzialnej gry. Mo\u017cesz ustawi\u0107 limity wp\u0142at na dzie\u0144 albo na tydzie\u0144. Mo\u017cesz te\u017c ustawi\u0107 limit miesi\u0119czny, je\u015bli tak jest Ci \u0142atwiej go przestrzega\u0107. Na przyk\u0142ad wielu graczy ustawia limit tygodniowy, aby trzyma\u0107 wydatki pod kontrol\u0105, nawet podczas du\u017cych tygodni promocyjnych.<\/p>\n<h2>Nie pami\u0119tasz has\u0142a?<\/h2>\n<p>Mo\u017cesz zresetowa\u0107 has\u0142o do Billionairespin login w kilka minut. Potrzebujesz tylko dost\u0119pu do adresu poczty elektronicznej, kt\u00f3rego u\u017cy\u0142e\u015b podczas rejestracji.<\/p>\n<p>Otw\u00f3rz stron\u0119 Billionairespin login i kliknij \u201eNie pami\u0119tasz has\u0142a?\u201d pod polem has\u0142a. Pojawi si\u0119 nowa strona. Wpisz sw\u00f3j adres poczty elektronicznej i wy\u015blij pro\u015bb\u0119. Wy\u015blemy Ci wiadomo\u015b\u0107 z bezpiecznym odno\u015bnikiem. Otw\u00f3rz odno\u015bnik i utw\u00f3rz nowe has\u0142o.<\/p>\n<p>Na przyk\u0142ad, je\u015bli pr\u00f3bujesz si\u0119 zalogowa\u0107 po d\u0142u\u017cszej przerwie i nie pami\u0119tasz has\u0142a, od razu u\u017cyj odno\u015bnika do resetu. To szybsze ni\u017c pr\u00f3bowanie wielu hase\u0142.<\/p>\n<h2>Weryfikacja w kasynie Billionairespin<\/h2>\n<p>Kasyno Billionairespin korzysta z weryfikacji, aby potwierdzi\u0107 Twoj\u0105 to\u017csamo\u015b\u0107 i chroni\u0107 Twoje konto. Cz\u0119sto prosimy o to przed Twoj\u0105 pierwsz\u0105 wyp\u0142at\u0105. Mo\u017cemy te\u017c o to poprosi\u0107, je\u015bli co\u015b wygl\u0105da nietypowo, na przyk\u0142ad logowanie z nowego urz\u0105dzenia.<\/p>\n<p>Aby zweryfikowa\u0107 profil, zaloguj si\u0119 i otw\u00f3rz ustawienia konta. Przejd\u017a do sekcji weryfikacji i prze\u015blij wyra\u017ane zdj\u0119cia dokument\u00f3w, o kt\u00f3re prosimy. Zwykle potrzebujesz dokumentu to\u017csamo\u015bci i potwierdzenia adresu. W niekt\u00f3rych przypadkach prosimy te\u017c o dokument powi\u0105zany z Twoj\u0105 metod\u0105 p\u0142atno\u015bci.<\/p>\n<p>Na przyk\u0142ad mo\u017cesz przes\u0142a\u0107 zdj\u0119cie paszportu lub dowodu osobistego. Jako potwierdzenie adresu cz\u0119sto sprawdzi si\u0119 niedawny rachunek za media albo wyci\u0105g bankowy, o ile wida\u0107 na nim Twoje imi\u0119 i nazwisko oraz adres.<\/p>\n<p>Po tym, jak sprawdzimy i zatwierdzimy Twoje dokumenty, Twoje konto staje si\u0119 w pe\u0142ni zweryfikowane. Wtedy w wi\u0119kszo\u015bci przypadk\u00f3w mo\u017cesz zleca\u0107 wyp\u0142aty bez dodatkowych kontroli.<\/p>\n<h2>FAQ<\/h2>\n<h3>Jak mog\u0119 zweryfikowa\u0107 swoje konto?<\/h3>\n<p>Zaloguj si\u0119 i otw\u00f3rz sekcj\u0119 weryfikacji w swoim profilu. Prze\u015blij wyra\u017ane zdj\u0119cia dokumentu to\u017csamo\u015bci oraz potwierdzenia adresu. Czasem prosimy te\u017c o dokument zwi\u0105zany z Twoj\u0105 metod\u0105 p\u0142atno\u015bci.<\/p>\n<h3>Co zrobi\u0107, je\u015bli moje konto jest zablokowane?<\/h3>\n<p>Je\u015bli Twoje konto Billionairespin jest zablokowane, nie tw\u00f3rz nowego profilu. Skontaktuj si\u0119 z naszym zespo\u0142em wsparcia przez czat na \u017cywo lub poczt\u0119 elektroniczn\u0105. Wyja\u015bnimy pow\u00f3d i powiemy, co zrobi\u0107 dalej.<\/p>\n<p>Na przyk\u0142ad konto mo\u017ce zosta\u0107 zablokowane po kilku b\u0142\u0119dnych pr\u00f3bach wpisania has\u0142a. Mo\u017ce te\u017c zosta\u0107 zablokowane, gdy zauwa\u017cymy logowanie z nowej lokalizacji.<\/p>\n<h3>Czy mog\u0119 zmieni\u0107 has\u0142o lub adres poczty elektronicznej?<\/h3>\n<p>Tak, mo\u017cesz zmieni\u0107 has\u0142o w ustawieniach konta po zalogowaniu. Aby zmieni\u0107 adres poczty elektronicznej, skontaktuj si\u0119 z naszym zespo\u0142em wsparcia. Mo\u017cemy poprosi\u0107 o kr\u00f3tk\u0105 weryfikacj\u0119, aby upewni\u0107 si\u0119, \u017ce to naprawd\u0119 Ty.<\/p>\n<h3>Jak mog\u0119 zamkn\u0105\u0107 konto lub tymczasowo je zawiesi\u0107?<\/h3>\n<p>Je\u015bli chcesz zrobi\u0107 przerw\u0119, mo\u017cesz poprosi\u0107 o tymczasowe zawieszenie. Mo\u017cesz te\u017c skorzysta\u0107 z narz\u0119dzi odpowiedzialnej gry, takich jak okres och\u0142oni\u0119cia lub samowykluczenie. Je\u015bli chcesz zamkn\u0105\u0107 konto, skontaktuj si\u0119 z naszym zespo\u0142em wsparcia.<\/p>\n<\/div><\/div><\/p>\n","protected":false},"excerpt":{"rendered":"<p>Logowanie i rejestracja w kasynie Billionairespin Billionairespin login pozwala szybko i bezpiecznie wej\u015b\u0107 na konto w naszym kasynie. Po zalogowaniu mo\u017cesz gra\u0107 na automatach i w inne gry. Mo\u017cesz te\u017c odbiera\u0107 bonusy i zarz\u0105dza\u0107 swoim profilem w jednym miejscu. Kroki logowania s\u0105 proste, wi\u0119c mo\u017cesz zacz\u0105\u0107 gra\u0107 w kilka klikni\u0119\u0107. Na przyk\u0142ad, je\u015bli zapomnisz, na [&hellip;]<\/p>\n","protected":false},"author":1,"featured_media":0,"parent":0,"menu_order":0,"comment_status":"closed","ping_status":"closed","template":"template-builder.php","meta":{"_acf_changed":false,"inline_featured_image":false,"footnotes":""},"class_list":["post-1325","page","type-page","status-publish","hentry"],"acf":[],"yoast_head":"<!-- This site is optimized with the Yoast SEO plugin v27.3 - https:\/\/yoast.com\/product\/yoast-seo-wordpress\/ -->\n<title>Logowanie BillionaireSpin Casino | Rejestracja i weryfikacja<\/title>\n<meta name=\"description\" content=\"BillionaireSpin Casino: dost\u0119p do profilu w kilka sekund. Rejestracja, potwierdzenie e-maila, wyb\u00f3r bonusu, historia transakcji, limity i szybki reset has\u0142a.\" \/>\n<meta name=\"robots\" content=\"index, follow, max-snippet:-1, max-image-preview:large, max-video-preview:-1\" \/>\n<link rel=\"canonical\" href=\"https:\/\/billionairespins.com\/pl\/logowanie-i-rejestracja\/\" \/>\n<meta property=\"og:locale\" content=\"pl_PL\" \/>\n<meta property=\"og:type\" content=\"article\" \/>\n<meta property=\"og:title\" content=\"Logowanie BillionaireSpin Casino | Rejestracja i weryfikacja\" \/>\n<meta property=\"og:description\" content=\"BillionaireSpin Casino: dost\u0119p do profilu w kilka sekund. Rejestracja, potwierdzenie e-maila, wyb\u00f3r bonusu, historia transakcji, limity i szybki reset has\u0142a.\" \/>\n<meta property=\"og:url\" content=\"https:\/\/billionairespins.com\/pl\/logowanie-i-rejestracja\/\" \/>\n<meta property=\"og:site_name\" content=\"Billionairespin\" \/>\n<meta property=\"article:modified_time\" content=\"2026-02-06T08:17:19+00:00\" \/>\n<meta name=\"twitter:card\" content=\"summary_large_image\" \/>\n<meta name=\"twitter:label1\" content=\"Est. reading time\" \/>\n\t<meta name=\"twitter:data1\" content=\"1 minuta\" \/>\n<script type=\"application\/ld+json\" class=\"yoast-schema-graph\">{\"@context\":\"https:\\\/\\\/schema.org\",\"@graph\":[{\"@type\":\"WebPage\",\"@id\":\"https:\\\/\\\/billionairespins.com\\\/pl\\\/logowanie-i-rejestracja\\\/\",\"url\":\"https:\\\/\\\/billionairespins.com\\\/pl\\\/logowanie-i-rejestracja\\\/\",\"name\":\"Logowanie BillionaireSpin Casino | Rejestracja i weryfikacja\",\"isPartOf\":{\"@id\":\"https:\\\/\\\/billionairespins.com\\\/pl\\\/#website\"},\"datePublished\":\"2026-02-05T14:51:58+00:00\",\"dateModified\":\"2026-02-06T08:17:19+00:00\",\"description\":\"BillionaireSpin Casino: dost\u0119p do profilu w kilka sekund. Rejestracja, potwierdzenie e-maila, wyb\u00f3r bonusu, historia transakcji, limity i szybki reset has\u0142a.\",\"breadcrumb\":{\"@id\":\"https:\\\/\\\/billionairespins.com\\\/pl\\\/logowanie-i-rejestracja\\\/#breadcrumb\"},\"inLanguage\":\"pl-PL\",\"potentialAction\":[{\"@type\":\"ReadAction\",\"target\":[\"https:\\\/\\\/billionairespins.com\\\/pl\\\/logowanie-i-rejestracja\\\/\"]}]},{\"@type\":\"BreadcrumbList\",\"@id\":\"https:\\\/\\\/billionairespins.com\\\/pl\\\/logowanie-i-rejestracja\\\/#breadcrumb\",\"itemListElement\":[{\"@type\":\"ListItem\",\"position\":1,\"name\":\"Billionairespin\",\"item\":\"https:\\\/\\\/billionairespins.com\\\/pl\\\/\"},{\"@type\":\"ListItem\",\"position\":2,\"name\":\"Logowanie i rejestracja\"}]},{\"@type\":\"WebSite\",\"@id\":\"https:\\\/\\\/billionairespins.com\\\/pl\\\/#website\",\"url\":\"https:\\\/\\\/billionairespins.com\\\/pl\\\/\",\"name\":\"Billionairespin\",\"description\":\"\",\"publisher\":{\"@id\":\"https:\\\/\\\/billionairespins.com\\\/pl\\\/#organization\"},\"potentialAction\":[{\"@type\":\"SearchAction\",\"target\":{\"@type\":\"EntryPoint\",\"urlTemplate\":\"https:\\\/\\\/billionairespins.com\\\/pl\\\/?s={search_term_string}\"},\"query-input\":{\"@type\":\"PropertyValueSpecification\",\"valueRequired\":true,\"valueName\":\"search_term_string\"}}],\"inLanguage\":\"pl-PL\"},{\"@type\":\"Organization\",\"@id\":\"https:\\\/\\\/billionairespins.com\\\/pl\\\/#organization\",\"name\":\"Billionairespin\",\"url\":\"https:\\\/\\\/billionairespins.com\\\/pl\\\/\",\"logo\":{\"@type\":\"ImageObject\",\"inLanguage\":\"pl-PL\",\"@id\":\"https:\\\/\\\/billionairespins.com\\\/pl\\\/#\\\/schema\\\/logo\\\/image\\\/\",\"url\":\"https:\\\/\\\/billionairespins.com\\\/wp-content\\\/uploads\\\/2026\\\/02\\\/Billionariespin-logo-Mobile.png\",\"contentUrl\":\"https:\\\/\\\/billionairespins.com\\\/wp-content\\\/uploads\\\/2026\\\/02\\\/Billionariespin-logo-Mobile.png\",\"width\":108,\"height\":46,\"caption\":\"Billionairespin\"},\"image\":{\"@id\":\"https:\\\/\\\/billionairespins.com\\\/pl\\\/#\\\/schema\\\/logo\\\/image\\\/\"}}]}<\/script>\n<!-- \/ Yoast SEO plugin. -->","yoast_head_json":{"title":"Logowanie BillionaireSpin Casino | Rejestracja i weryfikacja","description":"BillionaireSpin Casino: dost\u0119p do profilu w kilka sekund. Rejestracja, potwierdzenie e-maila, wyb\u00f3r bonusu, historia transakcji, limity i szybki reset has\u0142a.","robots":{"index":"index","follow":"follow","max-snippet":"max-snippet:-1","max-image-preview":"max-image-preview:large","max-video-preview":"max-video-preview:-1"},"canonical":"https:\/\/billionairespins.com\/pl\/logowanie-i-rejestracja\/","og_locale":"pl_PL","og_type":"article","og_title":"Logowanie BillionaireSpin Casino | Rejestracja i weryfikacja","og_description":"BillionaireSpin Casino: dost\u0119p do profilu w kilka sekund. Rejestracja, potwierdzenie e-maila, wyb\u00f3r bonusu, historia transakcji, limity i szybki reset has\u0142a.","og_url":"https:\/\/billionairespins.com\/pl\/logowanie-i-rejestracja\/","og_site_name":"Billionairespin","article_modified_time":"2026-02-06T08:17:19+00:00","twitter_card":"summary_large_image","twitter_misc":{"Est. reading time":"1 minuta"},"schema":{"@context":"https:\/\/schema.org","@graph":[{"@type":"WebPage","@id":"https:\/\/billionairespins.com\/pl\/logowanie-i-rejestracja\/","url":"https:\/\/billionairespins.com\/pl\/logowanie-i-rejestracja\/","name":"Logowanie BillionaireSpin Casino | Rejestracja i weryfikacja","isPartOf":{"@id":"https:\/\/billionairespins.com\/pl\/#website"},"datePublished":"2026-02-05T14:51:58+00:00","dateModified":"2026-02-06T08:17:19+00:00","description":"BillionaireSpin Casino: dost\u0119p do profilu w kilka sekund. Rejestracja, potwierdzenie e-maila, wyb\u00f3r bonusu, historia transakcji, limity i szybki reset has\u0142a.","breadcrumb":{"@id":"https:\/\/billionairespins.com\/pl\/logowanie-i-rejestracja\/#breadcrumb"},"inLanguage":"pl-PL","potentialAction":[{"@type":"ReadAction","target":["https:\/\/billionairespins.com\/pl\/logowanie-i-rejestracja\/"]}]},{"@type":"BreadcrumbList","@id":"https:\/\/billionairespins.com\/pl\/logowanie-i-rejestracja\/#breadcrumb","itemListElement":[{"@type":"ListItem","position":1,"name":"Billionairespin","item":"https:\/\/billionairespins.com\/pl\/"},{"@type":"ListItem","position":2,"name":"Logowanie i rejestracja"}]},{"@type":"WebSite","@id":"https:\/\/billionairespins.com\/pl\/#website","url":"https:\/\/billionairespins.com\/pl\/","name":"Billionairespin","description":"","publisher":{"@id":"https:\/\/billionairespins.com\/pl\/#organization"},"potentialAction":[{"@type":"SearchAction","target":{"@type":"EntryPoint","urlTemplate":"https:\/\/billionairespins.com\/pl\/?s={search_term_string}"},"query-input":{"@type":"PropertyValueSpecification","valueRequired":true,"valueName":"search_term_string"}}],"inLanguage":"pl-PL"},{"@type":"Organization","@id":"https:\/\/billionairespins.com\/pl\/#organization","name":"Billionairespin","url":"https:\/\/billionairespins.com\/pl\/","logo":{"@type":"ImageObject","inLanguage":"pl-PL","@id":"https:\/\/billionairespins.com\/pl\/#\/schema\/logo\/image\/","url":"https:\/\/billionairespins.com\/wp-content\/uploads\/2026\/02\/Billionariespin-logo-Mobile.png","contentUrl":"https:\/\/billionairespins.com\/wp-content\/uploads\/2026\/02\/Billionariespin-logo-Mobile.png","width":108,"height":46,"caption":"Billionairespin"},"image":{"@id":"https:\/\/billionairespins.com\/pl\/#\/schema\/logo\/image\/"}}]}},"_links":{"self":[{"href":"https:\/\/billionairespins.com\/pl\/wp-json\/wp\/v2\/pages\/1325","targetHints":{"allow":["GET"]}}],"collection":[{"href":"https:\/\/billionairespins.com\/pl\/wp-json\/wp\/v2\/pages"}],"about":[{"href":"https:\/\/billionairespins.com\/pl\/wp-json\/wp\/v2\/types\/page"}],"author":[{"embeddable":true,"href":"https:\/\/billionairespins.com\/pl\/wp-json\/wp\/v2\/users\/1"}],"replies":[{"embeddable":true,"href":"https:\/\/billionairespins.com\/pl\/wp-json\/wp\/v2\/comments?post=1325"}],"version-history":[{"count":1,"href":"https:\/\/billionairespins.com\/pl\/wp-json\/wp\/v2\/pages\/1325\/revisions"}],"predecessor-version":[{"id":1596,"href":"https:\/\/billionairespins.com\/pl\/wp-json\/wp\/v2\/pages\/1325\/revisions\/1596"}],"wp:attachment":[{"href":"https:\/\/billionairespins.com\/pl\/wp-json\/wp\/v2\/media?parent=1325"}],"curies":[{"name":"wp","href":"https:\/\/api.w.org\/{rel}","templated":true}]}}